{"id":18,"date":"2026-03-12T16:51:56","date_gmt":"2026-03-12T15:51:56","guid":{"rendered":"https:\/\/100series.be\/2cv\/?page_id=18"},"modified":"2026-03-14T07:39:11","modified_gmt":"2026-03-14T06:39:11","slug":"register-driver","status":"publish","type":"page","link":"https:\/\/100series.be\/2cv\/","title":{"rendered":"Register Driver"},"content":{"rendered":"<p>[et_pb_section fb_built=\u00a0\u00bb1&Prime; admin_label=\u00a0\u00bbHeader\u00a0\u00bb _builder_version=\u00a0\u00bb4.27.6&Prime; use_background_color_gradient=\u00a0\u00bbon\u00a0\u00bb background_color_gradient_direction=\u00a0\u00bb1deg\u00a0\u00bb background_color_gradient_stops=\u00a0\u00bbrgba(224,153,0,0.73) 0%|rgba(0,4,10,0.5) 99%\u00a0\u00bb background_color_gradient_overlays_image=\u00a0\u00bbon\u00a0\u00bb background_color_gradient_start=\u00a0\u00bbrgba(255,150,241,0.47)\u00a0\u00bb background_color_gradient_end=\u00a0\u00bb#26033f\u00a0\u00bb background_image=\u00a0\u00bbhttps:\/\/100series.be\/2cv\/wp-content\/uploads\/2026\/03\/2CV_012.jpg\u00a0\u00bb background_position=\u00a0\u00bbcenter_right\u00a0\u00bb custom_padding=\u00a0\u00bb6vw||0px|||\u00a0\u00bb locked=\u00a0\u00bboff\u00a0\u00bb global_colors_info=\u00a0\u00bb{}\u00a0\u00bb][et_pb_row _builder_version=\u00a0\u00bb4.16&Prime; max_width=\u00a0\u00bbnone\u00a0\u00bb custom_margin=\u00a0\u00bb2vw|auto||auto||\u00a0\u00bb custom_margin_tablet=\u00a0\u00bb0vw||\u00a0\u00bb custom_margin_last_edited=\u00a0\u00bboff|desktop\u00a0\u00bb custom_padding=\u00a0\u00bb0px||0px||true\u00a0\u00bb mix_blend_mode=\u00a0\u00bboverlay\u00a0\u00bb locked=\u00a0\u00bboff\u00a0\u00bb global_colors_info=\u00a0\u00bb{}\u00a0\u00bb][et_pb_column type=\u00a0\u00bb4_4&Prime; _builder_version=\u00a0\u00bb4.16&Prime; global_colors_info=\u00a0\u00bb{}\u00a0\u00bb][et_pb_text _builder_version=\u00a0\u00bb4.27.6&Prime; text_font=\u00a0\u00bb||||||||\u00a0\u00bb header_font=\u00a0\u00bb||||||||\u00a0\u00bb header_2_font=\u00a0\u00bbRoboto|800||on|||||\u00a0\u00bb header_2_text_color=\u00a0\u00bb#ffd400&Prime; header_2_font_size=\u00a0\u00bb9vw\u00a0\u00bb header_2_letter_spacing=\u00a0\u00bb0.1em\u00a0\u00bb transform_scale_tablet=\u00a0\u00bb\u00a0\u00bb transform_scale_phone=\u00a0\u00bb\u00a0\u00bb transform_scale_last_edited=\u00a0\u00bbon|desktop\u00a0\u00bb transform_translate=\u00a0\u00bb4em|0px\u00a0\u00bb transform_translate_tablet=\u00a0\u00bb\u00a0\u00bb transform_translate_phone=\u00a0\u00bb0em|0px\u00a0\u00bb transform_translate_last_edited=\u00a0\u00bbon|desktop\u00a0\u00bb transform_translate_linked=\u00a0\u00bboff\u00a0\u00bb transform_rotate_tablet=\u00a0\u00bb\u00a0\u00bb transform_rotate_phone=\u00a0\u00bb\u00a0\u00bb transform_rotate_last_edited=\u00a0\u00bbon|desktop\u00a0\u00bb transform_skew_tablet=\u00a0\u00bb\u00a0\u00bb transform_skew_phone=\u00a0\u00bb\u00a0\u00bb transform_skew_last_edited=\u00a0\u00bbon|desktop\u00a0\u00bb transform_origin_tablet=\u00a0\u00bb\u00a0\u00bb transform_origin_phone=\u00a0\u00bb\u00a0\u00bb transform_origin_last_edited=\u00a0\u00bbon|desktop\u00a0\u00bb transform_styles_last_edited=\u00a0\u00bbon|desktop\u00a0\u00bb text_orientation=\u00a0\u00bbcenter\u00a0\u00bb background_layout=\u00a0\u00bbdark\u00a0\u00bb filter_brightness=\u00a0\u00bb200%\u00a0\u00bb filter_contrast=\u00a0\u00bb200%\u00a0\u00bb header_2_font_size_tablet=\u00a0\u00bb\u00a0\u00bb header_2_font_size_phone=\u00a0\u00bb\u00a0\u00bb header_2_font_size_last_edited=\u00a0\u00bbon|phone\u00a0\u00bb transform_styles_tablet=\u00a0\u00bb\u00a0\u00bb transform_styles_phone=\u00a0\u00bb\u00a0\u00bb header_2_text_shadow_style=\u00a0\u00bbpreset3&Prime; header_2_text_shadow_color=\u00a0\u00bb#000000&Prime; text_text_align=\u00a0\u00bbcenter\u00a0\u00bb global_colors_info=\u00a0\u00bb{}\u00a0\u00bb filter_hue_rotate__hover_enabled=\u00a0\u00bbon|hover\u00a0\u00bb filter_hue_rotate__hover=\u00a0\u00bb180deg\u00a0\u00bb]<\/p>\n<h2>2CV<\/h2>\n<p>[\/et_pb_text][\/et_pb_column][\/et_pb_row][et_pb_row _builder_version=\u00a0\u00bb4.16&Prime; max_width=\u00a0\u00bbnone\u00a0\u00bb custom_padding=\u00a0\u00bb0px||0px||true|\u00a0\u00bb locked=\u00a0\u00bboff\u00a0\u00bb global_colors_info=\u00a0\u00bb{}\u00a0\u00bb][et_pb_column type=\u00a0\u00bb4_4&Prime; _builder_version=\u00a0\u00bb4.16&Prime; global_colors_info=\u00a0\u00bb{}\u00a0\u00bb][et_pb_text _builder_version=\u00a0\u00bb4.27.6&Prime; text_font=\u00a0\u00bb||||||||\u00a0\u00bb header_font=\u00a0\u00bbRoboto|800||on|||||\u00a0\u00bb header_font_size=\u00a0\u00bb6vw\u00a0\u00bb header_letter_spacing=\u00a0\u00bb0.2em\u00a0\u00bb header_line_height=\u00a0\u00bb1.1em\u00a0\u00bb text_orientation=\u00a0\u00bbcenter\u00a0\u00bb background_layout=\u00a0\u00bbdark\u00a0\u00bb custom_margin=\u00a0\u00bb-3vw|||||\u00a0\u00bb header_font_size_tablet=\u00a0\u00bb\u00a0\u00bb header_font_size_phone=\u00a0\u00bb36px\u00a0\u00bb header_font_size_last_edited=\u00a0\u00bbon|phone\u00a0\u00bb header_letter_spacing_tablet=\u00a0\u00bb\u00a0\u00bb header_letter_spacing_phone=\u00a0\u00bb0em\u00a0\u00bb header_letter_spacing_last_edited=\u00a0\u00bbon|desktop\u00a0\u00bb header_text_shadow_style=\u00a0\u00bbpreset3&Prime; header_text_shadow_vertical_length=\u00a0\u00bb-0.03em\u00a0\u00bb header_text_shadow_blur_strength=\u00a0\u00bb0.15em\u00a0\u00bb text_text_align=\u00a0\u00bbcenter\u00a0\u00bb global_colors_info=\u00a0\u00bb{}\u00a0\u00bb]<\/p>\n<h1 style=\"text-align: center;\">Racing Team<\/h1>\n<p>[\/et_pb_text][\/et_pb_column][\/et_pb_row][et_pb_row make_equal=\u00a0\u00bbon\u00a0\u00bb custom_padding_last_edited=\u00a0\u00bbon|desktop\u00a0\u00bb _builder_version=\u00a0\u00bb4.16&Prime; background_color=\u00a0\u00bb#ffffff\u00a0\u00bb custom_margin=\u00a0\u00bb60px||\u00a0\u00bb custom_padding=\u00a0\u00bb60px|60px|0px|60px|false|true\u00a0\u00bb custom_padding_tablet=\u00a0\u00bb\u00a0\u00bb custom_padding_phone=\u00a0\u00bb40px|20px||20px||true\u00a0\u00bb box_shadow_style=\u00a0\u00bbpreset4&Prime; box_shadow_horizontal=\u00a0\u00bb-20vw\u00a0\u00bb box_shadow_vertical=\u00a0\u00bb0px\u00a0\u00bb box_shadow_color=\u00a0\u00bb#ffffff\u00a0\u00bb global_colors_info=\u00a0\u00bb{}\u00a0\u00bb][et_pb_column type=\u00a0\u00bb4_4&Prime; _builder_version=\u00a0\u00bb4.16&Prime; global_colors_info=\u00a0\u00bb{}\u00a0\u00bb][et_pb_text _builder_version=\u00a0\u00bb4.27.6&Prime; text_font=\u00a0\u00bb||||||||\u00a0\u00bb text_font_size=\u00a0\u00bb16px\u00a0\u00bb text_line_height=\u00a0\u00bb1.8em\u00a0\u00bb header_font=\u00a0\u00bb|||on|||||\u00a0\u00bb header_text_color=\u00a0\u00bb#E09900&Prime; header_font_size=\u00a0\u00bb59px\u00a0\u00bb text_orientation=\u00a0\u00bbcenter\u00a0\u00bb max_width=\u00a0\u00bb760px\u00a0\u00bb module_alignment=\u00a0\u00bbcenter\u00a0\u00bb text_text_align=\u00a0\u00bbcenter\u00a0\u00bb locked=\u00a0\u00bboff\u00a0\u00bb global_colors_info=\u00a0\u00bb{}\u00a0\u00bb text_text_align_phone=\u00a0\u00bbleft\u00a0\u00bb text_text_align_last_edited=\u00a0\u00bbon|phone\u00a0\u00bb text_text_align_tablet=\u00a0\u00bbcenter\u00a0\u00bb]<\/p>\n<h1 style=\"text-align: left;\"><strong>Driver Registration<\/strong><\/h1>\n<p>[\/et_pb_text][\/et_pb_column][\/et_pb_row][\/et_pb_section][et_pb_section fb_built=\u00a0\u00bb1&Prime; admin_label=\u00a0\u00bbPricing\u00a0\u00bb _builder_version=\u00a0\u00bb4.16&Prime; global_colors_info=\u00a0\u00bb{}\u00a0\u00bb][et_pb_row _builder_version=\u00a0\u00bb4.27.6&Prime; _module_preset=\u00a0\u00bbdefault\u00a0\u00bb global_colors_info=\u00a0\u00bb{}\u00a0\u00bb][et_pb_column type=\u00a0\u00bb4_4&Prime; _builder_version=\u00a0\u00bb4.27.6&Prime; _module_preset=\u00a0\u00bbdefault\u00a0\u00bb global_colors_info=\u00a0\u00bb{}\u00a0\u00bb][dvppl_cf7_styler cf7=\u00a0\u00bb17&Prime; form_background_color=\u00a0\u00bb#f2f2f2&Prime; _builder_version=\u00a0\u00bb4.27.6&Prime; _module_preset=\u00a0\u00bbdefault\u00a0\u00bb custom_submit_button=\u00a0\u00bbon\u00a0\u00bb submit_button_bg_color=\u00a0\u00bb#E02B20&Prime; submit_button_border_width=\u00a0\u00bb5px\u00a0\u00bb submit_button_border_color=\u00a0\u00bb#E02B20&Prime; submit_button_border_radius=\u00a0\u00bb20px\u00a0\u00bb submit_button_font=\u00a0\u00bb|700||on|||||\u00a0\u00bb hover_enabled=\u00a0\u00bb0&Prime; border_radii_field=\u00a0\u00bbon|12px|12px|12px|12px\u00a0\u00bb border_color_all_field=\u00a0\u00bbRGBA(255,255,255,0)\u00a0\u00bb locked=\u00a0\u00bboff\u00a0\u00bb global_colors_info=\u00a0\u00bb{}\u00a0\u00bb sticky_enabled=\u00a0\u00bb0&Prime; submit_button_letter_spacing=\u00a0\u00bb0px\u00a0\u00bb submit_button_text_size=\u00a0\u00bb14px\u00a0\u00bb cr_custom_styles=\u00a0\u00bbon\u00a0\u00bb][\/dvppl_cf7_styler][\/et_pb_column][\/et_pb_row][\/et_pb_section]<\/p>\n","protected":false},"excerpt":{"rendered":"<p>2CVRacing TeamDriver Registration<div class=\"et_pb_with_border et_pb_module dvppl_cf7_styler dvppl_cf7_styler_0\">\n\t\t\t\t\n\t\t\t\t\n\t\t\t\t\n\t\t\t\t\n\t\t\t\t\n\t\t\t\t\n\t\t\t\t<div class=\"et_pb_module_inner\">\n\t\t\t\t\t<div class=\"dipe-cf7-container dipe-cf7-button-left\">\n\t\t\t\t\n\t\t\t\t<div class=\"dipe-cf7 dipe-cf7-styler dipe-cf7-cr\">\n\t\t\t\t\t\n<div class=\"wpcf7 no-js\" id=\"wpcf7-f17-o1\" lang=\"fr-FR\" dir=\"ltr\" data-wpcf7-id=\"17\">\n<div class=\"screen-reader-response\"><p role=\"status\" aria-live=\"polite\" aria-atomic=\"true\"><\/p> <ul><\/ul><\/div>\n<form action=\"\/2cv\/index.php?rest_route=%2Fwp%2Fv2%2Fpages%2F18#wpcf7-f17-o1\" method=\"post\" class=\"wpcf7-form init\" aria-label=\"Formulaire de contact\" enctype=\"multipart\/form-data\" novalidate=\"novalidate\" data-status=\"init\">\n<fieldset class=\"hidden-fields-container\"><input type=\"hidden\" name=\"_wpcf7\" value=\"17\" \/><input type=\"hidden\" name=\"_wpcf7_version\" value=\"6.1.5\" \/><input type=\"hidden\" name=\"_wpcf7_locale\" value=\"fr_FR\" \/><input type=\"hidden\" name=\"_wpcf7_unit_tag\" value=\"wpcf7-f17-o1\" \/><input type=\"hidden\" name=\"_wpcf7_container_post\" value=\"0\" \/><input type=\"hidden\" name=\"_wpcf7_posted_data_hash\" value=\"\" \/><input type=\"hidden\" name=\"_wpcf7cf_hidden_group_fields\" value=\"[]\" \/><input type=\"hidden\" name=\"_wpcf7cf_hidden_groups\" value=\"[]\" \/><input type=\"hidden\" name=\"_wpcf7cf_visible_groups\" value=\"[]\" \/><input type=\"hidden\" name=\"_wpcf7cf_repeaters\" value=\"[]\" \/><input type=\"hidden\" name=\"_wpcf7cf_steps\" value=\"{}\" \/><input type=\"hidden\" name=\"_wpcf7cf_options\" value=\"{&quot;form_id&quot;:17,&quot;conditions&quot;:[{&quot;then_field&quot;:&quot;statut&quot;,&quot;and_rules&quot;:[{&quot;if_field&quot;:&quot;statutdriver&quot;,&quot;operator&quot;:&quot;equals&quot;,&quot;if_value&quot;:&quot;Club - Ecurie \\\/ Team - Renstal&quot;}]}],&quot;settings&quot;:{&quot;animation&quot;:&quot;yes&quot;,&quot;animation_intime&quot;:200,&quot;animation_outtime&quot;:200,&quot;conditions_ui&quot;:&quot;normal&quot;,&quot;notice_dismissed&quot;:false}}\" \/><input type=\"hidden\" name=\"redirect_nonce\" value=\"dcecdd07ee\" \/><input type=\"hidden\" name=\"wpcf7cfpdf_hidden_name\" value=\"document-pdf\" \/><input type=\"hidden\" name=\"wpcf7cfpdf_hidden_reference\" value=\"4165df6c\" \/><input type=\"hidden\" name=\"wpcf7cfpdf_hidden_date\" value=\"05052026\" \/><input type=\"hidden\" name=\"_uacf7_hidden_conditional_fields\" value=\"\" \/>\n<\/fieldset>\n<div class=\"uacf7-form-wrapper-container uacf7-form-17  \"><input class=\"wpcf7-form-control wpcf7-hidden\" id=\"submissionid2cv\" value=\"\" type=\"hidden\" name=\"submissionid2cv\" \/>\n<div class=\"cf7m-row\">\n  <div class=\"cf7m-col cf7m-col-12 cf7m-col-md-6 cf7m-col-lg-6\">\n    <label>Pr\u00e9nom \/ First name*\n      <span class=\"wpcf7-form-control-wrap\" data-name=\"forenamedriver\"><input size=\"40\" maxlength=\"400\" class=\"wpcf7-form-control wpcf7-text wpcf7-validates-as-required\" id=\"forenamedriver\" aria-required=\"true\" aria-invalid=\"false\" value=\"\" type=\"text\" name=\"forenamedriver\" \/><\/span>\n    <\/label>\n  <\/div>\n\n  <div class=\"cf7m-col cf7m-col-12 cf7m-col-md-6 cf7m-col-lg-6\">\n    <label>Nom \/ Last name*\n      <span class=\"wpcf7-form-control-wrap\" data-name=\"namedriver\"><input size=\"40\" maxlength=\"400\" class=\"wpcf7-form-control wpcf7-text wpcf7-validates-as-required\" id=\"namedriver\" aria-required=\"true\" aria-invalid=\"false\" value=\"\" type=\"text\" name=\"namedriver\" \/><\/span>\n    <\/label>\n  <\/div>\n<\/div>\n\n<div class=\"cf7m-row\">\n  <div class=\"cf7m-col cf7m-col-12 cf7m-col-md-6 cf7m-col-lg-6\">\n    <label>Adresse email \/ E-mail address*\n     <span class=\"wpcf7-form-control-wrap\" data-name=\"emaildriver\"><input size=\"40\" maxlength=\"400\" class=\"wpcf7-form-control wpcf7-email wpcf7-validates-as-required wpcf7-text wpcf7-validates-as-email\" id=\"emaildriver\" aria-required=\"true\" aria-invalid=\"false\" value=\"\" type=\"email\" name=\"emaildriver\" \/><\/span>\n    <\/label>\n  <\/div>\n  <div class=\"cf7m-col cf7m-col-12 cf7m-col-md-6 cf7m-col-lg-6\">\n    <label>Num\u00e9ro de t\u00e9l\u00e9phone \/ Phone number\n     <span class=\"wpcf7-form-control-wrap\" data-name=\"tel\"><input size=\"40\" maxlength=\"400\" class=\"wpcf7-form-control wpcf7-tel wpcf7-text wpcf7-validates-as-tel\" id=\"tel\" aria-invalid=\"false\" value=\"\" type=\"tel\" name=\"tel\" \/><\/span>\n    <\/label>\n  <\/div>\n<\/div>\n\n<div class=\"cf7m-row\">\n  <div class=\"cf7m-col cf7m-col-12 cf7m-col-md-6 cf7m-col-lg-6\">\n    <label>Pays de la licence \/ Country of issuance of the license*\n      <span class=\"wpcf7-form-control-wrap\" data-name=\"countrylicence\"><input size=\"40\" maxlength=\"400\" class=\"wpcf7-form-control wpcf7-text wpcf7-validates-as-required\" id=\"countrylicence\" aria-required=\"true\" aria-invalid=\"false\" value=\"\" type=\"text\" name=\"countrylicence\" \/><\/span>\n    <\/label>\n  <\/div>\n\n<span id=\"wpcf7-69f9df7864886-wrapper\" class=\"wpcf7-form-control-wrap city-wrap\" ><input type=\"hidden\" name=\"city-time-start\" value=\"1777983352\"><input type=\"hidden\" name=\"city-time-check\" value=\"4\"><label for=\"city\" class=\"hp-message\">City<\/label><input id=\"city\"  placeholder=\"city\"  class=\"wpcf7-form-control wpcf7-text city\" type=\"text\" name=\"city\" value=\"\" size=\"40\" tabindex=\"-1\" autocomplete=\"off\" \/><\/span>\n\n  <div class=\"cf7m-col cf7m-col-12 cf7m-col-md-6 cf7m-col-lg-6\">\n    <label>Num\u00e9ro de licence \/ License number*\n      <span class=\"wpcf7-form-control-wrap\" data-name=\"driverlicencenumber\"><input size=\"40\" maxlength=\"400\" class=\"wpcf7-form-control wpcf7-text wpcf7-validates-as-required\" id=\"driverlicencenumber\" aria-required=\"true\" aria-invalid=\"false\" value=\"\" type=\"text\" name=\"driverlicencenumber\" \/><\/span>\n    <\/label>\n  <\/div>\n<\/div>\n\n<div class=\"cf7m-row\">\n  <div class=\"cf7m-col cf7m-col-12 cf7m-col-md-6 cf7m-col-lg-6\">\n    <label>Pays \/ Country*\n      <span class=\"wpcf7-form-control-wrap\" data-name=\"country\"><input size=\"40\" maxlength=\"400\" class=\"wpcf7-form-control wpcf7-text wpcf7-validates-as-required\" id=\"country\" aria-required=\"true\" aria-invalid=\"false\" value=\"\" type=\"text\" name=\"country\" \/><\/span>\n    <\/label>\n  <\/div>\n\n  <div class=\"cf7m-col cf7m-col-12 cf7m-col-md-6 cf7m-col-lg-6\">\n    <label>Code postal \/ Postal code*\n      <span class=\"wpcf7-form-control-wrap\" data-name=\"CP\"><input size=\"40\" maxlength=\"400\" class=\"wpcf7-form-control wpcf7-text wpcf7-validates-as-required\" id=\"CP\" aria-required=\"true\" aria-invalid=\"false\" value=\"\" type=\"text\" name=\"CP\" \/><\/span>\n    <\/label>\n  <\/div>\n<\/div>\n\n<div class=\"cf7m-row\">\n  <div class=\"cf7m-col cf7m-col-12 cf7m-col-md-6 cf7m-col-lg-6\">\n    <label>N\u00b0 de voiture de course principale 2026 \/ Primary race car number 2026*\n      <span class=\"wpcf7-form-control-wrap\" data-name=\"number-car\"><input size=\"40\" maxlength=\"400\" class=\"wpcf7-form-control wpcf7-text wpcf7-validates-as-required\" id=\"numbercar\" aria-required=\"true\" aria-invalid=\"false\" value=\"\" type=\"text\" name=\"number-car\" \/><\/span>\n    <\/label>\n  <\/div>\n<\/div>\n<br><br>\n<div class=\"cf7m-row\">\n<div class=\"cf7m-col cf7m-col-12\">\n    <label> Statut du pilote \/ Driver Status*<br>\n  <span class=\"wpcf7-form-control-wrap\" data-name=\"statutdriver\"><span class=\"wpcf7-form-control wpcf7-radio\"><span class=\"wpcf7-list-item first\"><label><input type=\"radio\" name=\"statutdriver\" value=\"Club - Ecurie \/ Team - Renstal\" \/><span class=\"wpcf7-list-item-label\">Club - Ecurie \/ Team - Renstal<\/span><\/label><\/span><span class=\"wpcf7-list-item last\"><label><input type=\"radio\" name=\"statutdriver\" value=\"Pilote Concurrent \/ Driver Competitor\" \/><span class=\"wpcf7-list-item-label\">Pilote Concurrent \/ Driver Competitor<\/span><\/label><\/span><\/span><\/span>\n    <\/label>\n<div data-id=\"statut\" data-orig_data_id=\"statut\" data-clear_on_hide class=\"\" data-class=\"wpcf7cf_group\">\n    <label> Nom du club - Ecurie \/team - Renstal*\n     <span class=\"wpcf7-form-control-wrap\" data-name=\"nomclub\"><input size=\"40\" maxlength=\"400\" class=\"wpcf7-form-control wpcf7-text wpcf7-validates-as-required nomclub\" aria-required=\"true\" aria-invalid=\"false\" value=\"\" type=\"text\" name=\"nomclub\" \/><\/span>\n    <\/label>\n    <label> Num\u00e9ro de licence \/ Number licence - Ecurie \/team - Renstal  *\n     <span class=\"wpcf7-form-control-wrap\" data-name=\"licenceclub\"><input size=\"40\" maxlength=\"400\" class=\"wpcf7-form-control wpcf7-text wpcf7-validates-as-required licenceclub\" aria-required=\"true\" aria-invalid=\"false\" value=\"\" type=\"text\" name=\"licenceclub\" \/><\/span>\n    <\/label> \n<\/div>\n<br><br>\n<\/div>\n<\/div>\n<div class=\"cf7m-row\">\n<div class=\"cf7m-col cf7m-col-12 cf7m-col-md-6 cf7m-col-lg-6\">\n    <label> Envoyer la licence si la licence est non belge \/ Upload license if license is not Belgian\n      <span class=\"wpcf7-form-control-wrap\" data-name=\"licenceupload\"><input size=\"40\" class=\"wpcf7-form-control wpcf7-file\" id=\"licenceupload\" accept=\".pdf,.jpg,.jpeg,.png\" aria-invalid=\"false\" type=\"file\" name=\"licenceupload\" \/><\/span>\n    <\/label>\n  <\/div>\n  <div class=\"cf7m-col cf7m-col-12 cf7m-col-md-6 cf7m-col-lg-6\">\n    <label> Envoyer votre autorisation de participer \u00e0 une \u00e9preuve belge \"NEPA\"\/ Upload your authorization to participate in a Belgian event (NEPA).\n      <span class=\"wpcf7-form-control-wrap\" data-name=\"nepaupload\"><input size=\"40\" class=\"wpcf7-form-control wpcf7-file\" id=\"nepaupload\" accept=\".pdf,.jpg,.jpeg,.png\" aria-invalid=\"false\" type=\"file\" name=\"nepaupload\" \/><\/span>\n    <\/label>\n  <\/div>\n<\/div>\n<br><br>\n<div class=\"cf7m-row\">\n  <div class=\"cf7m-col cf7m-col-12\">\n    <label> J'accepte de recevoir par email des informations de la part de 2cvracingteams.be \/ I agree to receive information by email from 2cvracingteams.be* :<br>\n      <span class=\"wpcf7-form-control-wrap\" data-name=\"acceptance\"><span class=\"wpcf7-form-control wpcf7-radio\" id=\"acceptance\"><span class=\"wpcf7-list-item first\"><label><input type=\"radio\" name=\"acceptance\" value=\"Oui\/Yes\" \/><span class=\"wpcf7-list-item-label\">Oui\/Yes<\/span><\/label><\/span><span class=\"wpcf7-list-item last\"><label><input type=\"radio\" name=\"acceptance\" value=\"Non\/No\" \/><span class=\"wpcf7-list-item-label\">Non\/No<\/span><\/label><\/span><\/span><\/span>\n    <\/label>\n  <\/div>\n<\/div>\n<br><br>\n<input class=\"wpcf7-form-control wpcf7-submit has-spinner\" type=\"submit\" value=\"Envoyer \/ Submit\" \/><\/div><div class=\"wpcf7-response-output\" aria-hidden=\"true\"><\/div>\n<\/form>\n<\/div>\n\n\t\t\t\t<\/div>\n\t\t\t<\/div>\n\t\t\t\t<\/div>\n\t\t\t<\/div><\/p>\n","protected":false},"author":1,"featured_media":0,"parent":0,"menu_order":0,"comment_status":"closed","ping_status":"closed","template":"","meta":{"_et_pb_use_builder":"on","_et_pb_old_content":"","_et_gb_content_width":"","footnotes":""},"class_list":["post-18","page","type-page","status-publish","hentry"],"_links":{"self":[{"href":"https:\/\/100series.be\/2cv\/index.php?rest_route=\/wp\/v2\/pages\/18","targetHints":{"allow":["GET"]}}],"collection":[{"href":"https:\/\/100series.be\/2cv\/index.php?rest_route=\/wp\/v2\/pages"}],"about":[{"href":"https:\/\/100series.be\/2cv\/index.php?rest_route=\/wp\/v2\/types\/page"}],"author":[{"embeddable":true,"href":"https:\/\/100series.be\/2cv\/index.php?rest_route=\/wp\/v2\/users\/1"}],"replies":[{"embeddable":true,"href":"https:\/\/100series.be\/2cv\/index.php?rest_route=%2Fwp%2Fv2%2Fcomments&post=18"}],"version-history":[{"count":7,"href":"https:\/\/100series.be\/2cv\/index.php?rest_route=\/wp\/v2\/pages\/18\/revisions"}],"predecessor-version":[{"id":135,"href":"https:\/\/100series.be\/2cv\/index.php?rest_route=\/wp\/v2\/pages\/18\/revisions\/135"}],"wp:attachment":[{"href":"https:\/\/100series.be\/2cv\/index.php?rest_route=%2Fwp%2Fv2%2Fmedia&parent=18"}],"curies":[{"name":"wp","href":"https:\/\/api.w.org\/{rel}","templated":true}]}}