{"id":250,"date":"2025-12-10T15:58:33","date_gmt":"2025-12-10T14:58:33","guid":{"rendered":"https:\/\/100series.be\/register\/?page_id=250"},"modified":"2025-12-11T15:39:58","modified_gmt":"2025-12-11T14:39:58","slug":"membership-drivers","status":"publish","type":"page","link":"https:\/\/100series.be\/register\/index.php\/membership-drivers\/","title":{"rendered":"100 Series 2026 Membership Registration"},"content":{"rendered":"<p>[et_pb_section fb_built=&#8221;1&#8243; _builder_version=&#8221;4.27.4&#8243; _module_preset=&#8221;default&#8221; global_colors_info=&#8221;{}&#8221;][et_pb_row _builder_version=&#8221;4.27.4&#8243; _module_preset=&#8221;default&#8221; background_size=&#8221;initial&#8221; background_position=&#8221;top_left&#8221; background_repeat=&#8221;repeat&#8221; width=&#8221;90%&#8221; max_width=&#8221;80%&#8221; global_colors_info=&#8221;{}&#8221;][et_pb_column type=&#8221;4_4&#8243; _builder_version=&#8221;4.27.4&#8243; _module_preset=&#8221;default&#8221; global_colors_info=&#8221;{}&#8221;][et_pb_text _builder_version=&#8221;4.27.4&#8243; _module_preset=&#8221;default&#8221; header_font=&#8221;|||on|||||&#8221; hover_enabled=&#8221;0&#8243; locked=&#8221;off&#8221; global_colors_info=&#8221;{}&#8221; sticky_enabled=&#8221;0&#8243;]<\/p>\n<h1><strong>100 Series 2026 Membership Registration<\/strong><\/h1>\n<p>[\/et_pb_text][dvppl_cf7_styler cf7=&#8221;249&#8243; form_background_color=&#8221;#FFFFFF&#8221; form_field_active_color=&#8221;#0a0a0a&#8221; cr_custom_styles=&#8221;on&#8221; _builder_version=&#8221;4.27.4&#8243; _module_preset=&#8221;default&#8221; custom_submit_button=&#8221;on&#8221; submit_button_bg_color=&#8221;#911914&#8243; submit_button_border_width=&#8221;0px&#8221; submit_button_font=&#8221;|700|||||||&#8221; submit_button_custom_padding=&#8221;10px|20px|10px|20px|false|false&#8221; border_radii_field=&#8221;on|4px|4px|4px|4px&#8221; locked=&#8221;off&#8221; global_colors_info=&#8221;{}&#8221;][\/dvppl_cf7_styler][\/et_pb_column][\/et_pb_row][\/et_pb_section]<\/p>\n","protected":false},"excerpt":{"rendered":"<p>100 Series 2026 Membership Registration<div class=\"et_pb_module dvppl_cf7_styler dvppl_cf7_styler_0\">\n\t\t\t\t\n\t\t\t\t\n\t\t\t\t\n\t\t\t\t\n\t\t\t\t\n\t\t\t\t\n\t\t\t\t<div class=\"et_pb_module_inner\">\n\t\t\t\t\t<div class=\"dipe-cf7-container dipe-cf7-button-left\">\n\t\t\t\t\n\t\t\t\t<div class=\"dipe-cf7 dipe-cf7-styler dipe-cf7-cr\">\n\t\t\t\t\t\n<div class=\"wpcf7 no-js\" id=\"wpcf7-f249-o1\" lang=\"fr-FR\" dir=\"ltr\" data-wpcf7-id=\"249\">\n<div class=\"screen-reader-response\"><p role=\"status\" aria-live=\"polite\" aria-atomic=\"true\"><\/p> <ul><\/ul><\/div>\n<form action=\"\/register\/index.php\/wp-json\/wp\/v2\/pages\/250#wpcf7-f249-o1\" method=\"post\" class=\"wpcf7-form init\" aria-label=\"Formulaire de contact\" enctype=\"multipart\/form-data\" novalidate=\"novalidate\" data-status=\"init\">\n<fieldset class=\"hidden-fields-container\"><input type=\"hidden\" name=\"_wpcf7\" value=\"249\" \/><input type=\"hidden\" name=\"_wpcf7_version\" value=\"6.1.5\" \/><input type=\"hidden\" name=\"_wpcf7_locale\" value=\"fr_FR\" \/><input type=\"hidden\" name=\"_wpcf7_unit_tag\" value=\"wpcf7-f249-o1\" \/><input type=\"hidden\" name=\"_wpcf7_container_post\" value=\"0\" \/><input type=\"hidden\" name=\"_wpcf7_posted_data_hash\" value=\"\" \/><input type=\"hidden\" name=\"_wpcf7cf_hidden_group_fields\" value=\"[]\" \/><input type=\"hidden\" name=\"_wpcf7cf_hidden_groups\" value=\"[]\" \/><input type=\"hidden\" name=\"_wpcf7cf_visible_groups\" value=\"[]\" \/><input type=\"hidden\" name=\"_wpcf7cf_repeaters\" value=\"[]\" \/><input type=\"hidden\" name=\"_wpcf7cf_steps\" value=\"{}\" \/><input type=\"hidden\" name=\"_wpcf7cf_options\" value=\"{&quot;form_id&quot;:249,&quot;conditions&quot;:[],&quot;settings&quot;:{&quot;animation&quot;:&quot;yes&quot;,&quot;animation_intime&quot;:200,&quot;animation_outtime&quot;:200,&quot;conditions_ui&quot;:&quot;normal&quot;,&quot;notice_dismissed&quot;:false}}\" \/><input type=\"hidden\" name=\"redirect_nonce\" value=\"7a37c02cac\" \/><input type=\"hidden\" name=\"wpcf7cfpdf_hidden_name\" value=\"Driver-pdf-submission_id\" \/><input type=\"hidden\" name=\"wpcf7cfpdf_hidden_reference\" value=\"aedb514e\" \/><input type=\"hidden\" name=\"wpcf7cfpdf_hidden_date\" value=\"5mai2026\" \/><input type=\"hidden\" name=\"_uacf7_hidden_conditional_fields\" value=\"\" \/><input type=\"hidden\" name=\"_map_author\" value=\"1\" \/><input type=\"hidden\" name=\"_c2p_nonce\" value=\"a28ce4ea75\" \/><input type=\"hidden\" name=\"_wpnonce\" value=\"3e26daa18f\" \/>\n<\/fieldset>\n<div class=\"uacf7-form-wrapper-container uacf7-form-249  \"><input class=\"wpcf7-form-control wpcf7-hidden\" id=\"submissionid\" value=\"\" type=\"hidden\" name=\"submissionid\" \/>\n\n<div class=\"cf7m-row\">\n  <div class=\"cf7m-col cf7m-col-12 cf7m-col-md-6 cf7m-col-lg-6\">\n    <label>Pr\u00e9nom \/ First name*\n      <span class=\"wpcf7-form-control-wrap\" data-name=\"forenamedriver\"><input size=\"40\" maxlength=\"400\" class=\"wpcf7-form-control wpcf7-text wpcf7-validates-as-required\" id=\"forenamedriver\" aria-required=\"true\" aria-invalid=\"false\" value=\"\" type=\"text\" name=\"forenamedriver\" \/><\/span>\n    <\/label>\n  <\/div>\n\n  <div class=\"cf7m-col cf7m-col-12 cf7m-col-md-6 cf7m-col-lg-6\">\n    <label>Nom \/ Last name*\n      <span class=\"wpcf7-form-control-wrap\" data-name=\"namedriver\"><input size=\"40\" maxlength=\"400\" class=\"wpcf7-form-control wpcf7-text wpcf7-validates-as-required\" id=\"namedriver\" aria-required=\"true\" aria-invalid=\"false\" value=\"\" type=\"text\" name=\"namedriver\" \/><\/span>\n    <\/label>\n  <\/div>\n<\/div>\n\n<div class=\"cf7m-row\">\n  <div class=\"cf7m-col cf7m-col-12 cf7m-col-md-6 cf7m-col-lg-6\">\n    <label>Adresse email \/ E-mail address*\n     <span class=\"wpcf7-form-control-wrap\" data-name=\"emaildriver\"><input size=\"40\" maxlength=\"400\" class=\"wpcf7-form-control wpcf7-email wpcf7-validates-as-required wpcf7-text wpcf7-validates-as-email\" id=\"emaildriver\" aria-required=\"true\" aria-invalid=\"false\" value=\"\" type=\"email\" name=\"emaildriver\" \/><\/span>\n    <\/label>\n  <\/div>\n  <div class=\"cf7m-col cf7m-col-12 cf7m-col-md-6 cf7m-col-lg-6\">\n    <label>Num\u00e9ro de t\u00e9l\u00e9phone \/ Phone number\n     <span class=\"wpcf7-form-control-wrap\" data-name=\"tel\"><input size=\"40\" maxlength=\"400\" class=\"wpcf7-form-control wpcf7-tel wpcf7-text wpcf7-validates-as-tel\" id=\"tel\" aria-invalid=\"false\" value=\"\" type=\"tel\" name=\"tel\" \/><\/span>\n    <\/label>\n  <\/div>\n<\/div>\n\n<div class=\"cf7m-row\">\n  <div class=\"cf7m-col cf7m-col-12 cf7m-col-md-6 cf7m-col-lg-6\">\n    <label>Pays de la licence \/ Country of issuance of the license*\n      <span class=\"wpcf7-form-control-wrap\" data-name=\"countrylicence\"><input size=\"40\" maxlength=\"400\" class=\"wpcf7-form-control wpcf7-text wpcf7-validates-as-required\" id=\"countrylicence\" aria-required=\"true\" aria-invalid=\"false\" value=\"\" type=\"text\" name=\"countrylicence\" \/><\/span>\n    <\/label>\n  <\/div>\n\n  <div class=\"cf7m-col cf7m-col-12 cf7m-col-md-6 cf7m-col-lg-6\">\n    <label>Num\u00e9ro de licence \/ License number*\n      <span class=\"wpcf7-form-control-wrap\" data-name=\"driverlicencenumber\"><input size=\"40\" maxlength=\"400\" class=\"wpcf7-form-control wpcf7-text wpcf7-validates-as-required\" id=\"driverlicencenumber\" aria-required=\"true\" aria-invalid=\"false\" value=\"\" type=\"text\" name=\"driverlicencenumber\" \/><\/span>\n    <\/label>\n  <\/div>\n<\/div>\n\n<div class=\"cf7m-row\">\n  <div class=\"cf7m-col cf7m-col-12 cf7m-col-md-6 cf7m-col-lg-6\">\n    <label>Pays \/ Country*\n      <span class=\"wpcf7-form-control-wrap\" data-name=\"country\"><input size=\"40\" maxlength=\"400\" class=\"wpcf7-form-control wpcf7-text wpcf7-validates-as-required\" id=\"country\" aria-required=\"true\" aria-invalid=\"false\" value=\"\" type=\"text\" name=\"country\" \/><\/span>\n    <\/label>\n  <\/div>\n\n  <div class=\"cf7m-col cf7m-col-12 cf7m-col-md-6 cf7m-col-lg-6\">\n    <label>Code postal \/ Postal code*\n      <span class=\"wpcf7-form-control-wrap\" data-name=\"CP\"><input size=\"40\" maxlength=\"400\" class=\"wpcf7-form-control wpcf7-text wpcf7-validates-as-required\" id=\"CP\" aria-required=\"true\" aria-invalid=\"false\" value=\"\" type=\"text\" name=\"CP\" \/><\/span>\n    <\/label>\n  <\/div>\n<\/div>\n\n<div class=\"cf7m-row\">\n  <div class=\"cf7m-col cf7m-col-12 cf7m-col-md-6 cf7m-col-lg-6\">\n    <label>N\u00b0 de voiture de course principale 2026 \/ Primary race car number 2026*\n      <span class=\"wpcf7-form-control-wrap\" data-name=\"number-car\"><input size=\"40\" maxlength=\"400\" class=\"wpcf7-form-control wpcf7-text wpcf7-validates-as-required\" id=\"numbercar\" aria-required=\"true\" aria-invalid=\"false\" value=\"\" type=\"text\" name=\"number-car\" \/><\/span>\n    <\/label>\n  <\/div>\n\n  <div class=\"cf7m-col cf7m-col-12 cf7m-col-md-6 cf7m-col-lg-6\">\n    <label>Cylindr\u00e9e corrig\u00e9e de l\u2019auto de course principale 2026 \/ Corrected engine displacement of the primary race car 2026*\n      <span class=\"wpcf7-form-control-wrap\" data-name=\"displacement\"><input size=\"40\" maxlength=\"400\" class=\"wpcf7-form-control wpcf7-text wpcf7-validates-as-required\" id=\"displacement\" aria-required=\"true\" aria-invalid=\"false\" value=\"\" type=\"text\" name=\"displacement\" \/><\/span>\n    <\/label>\n  <\/div>\n<\/div>\n\n<div class=\"cf7m-row\">\n  <div class=\"cf7m-col cf7m-col-12 cf7m-col-md-6 cf7m-col-lg-6\">\n    <label> Envoyer la licence si la licence est non belge \/ Upload license if license is not Belgian*\n      <span class=\"wpcf7-form-control-wrap\" data-name=\"licenceupload\"><input size=\"40\" class=\"wpcf7-form-control wpcf7-file\" id=\"licenceupload\" accept=\".pdf,.jpg,.jpeg,.png\" aria-invalid=\"false\" type=\"file\" name=\"licenceupload\" \/><\/span>\n    <\/label>\n  <\/div>\n\n  <div class=\"cf7m-col cf7m-col-12 cf7m-col-md-6 cf7m-col-lg-6\">\n    <label> J'accepte de recevoir par email des informations de la part de 100series.be \/ I agree to receive information by email from 100series.be* :\n      <span class=\"wpcf7-form-control-wrap\" data-name=\"acceptance\"><span class=\"wpcf7-form-control wpcf7-radio\" id=\"acceptance\"><span class=\"wpcf7-list-item first\"><label><input type=\"radio\" name=\"acceptance\" value=\"Oui\/Yes\" \/><span class=\"wpcf7-list-item-label\">Oui\/Yes<\/span><\/label><\/span><span class=\"wpcf7-list-item last\"><label><input type=\"radio\" name=\"acceptance\" value=\"Non\/No\" \/><span class=\"wpcf7-list-item-label\">Non\/No<\/span><\/label><\/span><\/span><\/span>\n    <\/label>\n  <\/div>\n<\/div>\n\n<br><br>\n<input class=\"wpcf7-form-control wpcf7-submit has-spinner\" type=\"submit\" value=\"Envoyer \/ Submit\" \/><\/div><input type=\"text\" name=\"OWpZM\" value=\"\" style=\"display: none !important;\" \/><div class=\"wpcf7-response-output\" aria-hidden=\"true\"><\/div>\n<\/form>\n<\/div>\n\n\t\t\t\t<\/div>\n\t\t\t<\/div>\n\t\t\t\t<\/div>\n\t\t\t<\/div><\/p>\n","protected":false},"author":1,"featured_media":0,"parent":0,"menu_order":0,"comment_status":"closed","ping_status":"closed","template":"","meta":{"_et_pb_use_builder":"on","_et_pb_old_content":"","_et_gb_content_width":"","footnotes":""},"class_list":["post-250","page","type-page","status-publish","hentry"],"_links":{"self":[{"href":"https:\/\/100series.be\/register\/index.php\/wp-json\/wp\/v2\/pages\/250","targetHints":{"allow":["GET"]}}],"collection":[{"href":"https:\/\/100series.be\/register\/index.php\/wp-json\/wp\/v2\/pages"}],"about":[{"href":"https:\/\/100series.be\/register\/index.php\/wp-json\/wp\/v2\/types\/page"}],"author":[{"embeddable":true,"href":"https:\/\/100series.be\/register\/index.php\/wp-json\/wp\/v2\/users\/1"}],"replies":[{"embeddable":true,"href":"https:\/\/100series.be\/register\/index.php\/wp-json\/wp\/v2\/comments?post=250"}],"version-history":[{"count":7,"href":"https:\/\/100series.be\/register\/index.php\/wp-json\/wp\/v2\/pages\/250\/revisions"}],"predecessor-version":[{"id":299,"href":"https:\/\/100series.be\/register\/index.php\/wp-json\/wp\/v2\/pages\/250\/revisions\/299"}],"wp:attachment":[{"href":"https:\/\/100series.be\/register\/index.php\/wp-json\/wp\/v2\/media?parent=250"}],"curies":[{"name":"wp","href":"https:\/\/api.w.org\/{rel}","templated":true}]}}